{"id":2571,"date":"2024-05-31T12:12:31","date_gmt":"2024-05-31T10:12:31","guid":{"rendered":"https:\/\/kunden.weissblaumedia.de\/jansen\/?page_id=2571"},"modified":"2024-11-28T14:41:19","modified_gmt":"2024-11-28T13:41:19","slug":"agb","status":"publish","type":"page","link":"https:\/\/jansenacademy.biz\/en\/agb\/","title":{"rendered":"Conditions"},"content":{"rendered":"<p>[et_pb_section fb_built=&#8220;1&#8243; admin_label=&#8220;Header&#8220; _builder_version=&#8220;4.25.0&#8243; _module_preset=&#8220;default&#8220; background_color=&#8220;#FFFFFF&#8220; custom_padding=&#8220;||10px||false|false&#8220; collapsed=&#8220;on&#8220; global_colors_info=&#8220;{}&#8220;][et_pb_row column_structure=&#8220;3_5,2_5&#8243; use_custom_gutter=&#8220;on&#8220; gutter_width=&#8220;1&#8243; make_equal=&#8220;on&#8220; _builder_version=&#8220;4.27.4&#8243; _module_preset=&#8220;default&#8220; positioning=&#8220;none&#8220; z_index=&#8220;3&#8243; width_tablet=&#8220;&#8220; width_phone=&#8220;90%&#8220; width_last_edited=&#8220;on|phone&#8220; global_colors_info=&#8220;{}&#8220;][et_pb_column type=&#8220;3_5&#8243; _builder_version=&#8220;4.23.1&#8243; _module_preset=&#8220;default&#8220; background_color=&#8220;gcid-de749df5-82d7-4bad-ba2b-a56855f698d2&#8243; custom_padding=&#8220;40px|40px|50px|40px|false|true&#8220; custom_padding_tablet=&#8220;30px|30px|30px|30px|true|true&#8220; custom_padding_phone=&#8220;20px|20px|20px|20px|true|true&#8220; custom_padding_last_edited=&#8220;on|desktop&#8220; border_radii=&#8220;off|20px|||20px&#8220; border_radii_tablet=&#8220;off|20px|20px||0px&#8220; border_radii_phone=&#8220;off|20px|20px||0px&#8220; border_radii_last_edited=&#8220;on|tablet&#8220; global_colors_info=&#8220;{%22gcid-de749df5-82d7-4bad-ba2b-a56855f698d2%22:%91%22background_color%22%93}&#8220;][et_pb_text _builder_version=&#8220;4.27.4&#8243; _module_preset=&#8220;3b439963-9404-4f40-9f5b-7caa3f194bd4&#8243; header_font=&#8220;|600|||||||&#8220; header_text_color=&#8220;#47757f&#8220; custom_margin=&#8220;||0px||false|false&#8220; header_font_size_phone=&#8220;25px&#8220; global_colors_info=&#8220;{}&#8220; header_letter_spacing__hover_enabled=&#8220;off|desktop&#8220;]<\/p>\n<h1>AGB<\/h1>\n<p>[\/et_pb_text][\/et_pb_column][et_pb_column type=&#8220;2_5&#8243; _builder_version=&#8220;4.25.0&#8243; _module_preset=&#8220;default&#8220; background_color=&#8220;#f5a318&#8243; background_enable_image=&#8220;off&#8220; background_last_edited=&#8220;on|phone&#8220; background_position_tablet=&#8220;top_center&#8220; background_position_phone=&#8220;center&#8220; border_radii=&#8220;off||20px|20px|&#8220; border_radii_tablet=&#8220;off||0px|20px|20px&#8220; border_radii_phone=&#8220;off||0px|20px|20px&#8220; border_radii_last_edited=&#8220;on|phone&#8220; global_colors_info=&#8220;{}&#8220;][\/et_pb_column][\/et_pb_row][\/et_pb_section][et_pb_section fb_built=&#8220;1&#8243; custom_padding_last_edited=&#8220;on|tablet&#8220; admin_label=&#8220;About&#8220; _builder_version=&#8220;4.25.0&#8243; _module_preset=&#8220;default&#8220; background_enable_color=&#8220;off&#8220; custom_padding=&#8220;0px||80px||false|false&#8220; custom_padding_tablet=&#8220;||0px||false|false&#8220; custom_padding_phone=&#8220;0px||0px||false|false&#8220; background_color_tablet=&#8220;RGBA(255,255,255,0)&#8220; background_last_edited=&#8220;on|tablet&#8220; background_enable_color_tablet=&#8220;on&#8220; use_background_color_gradient_tablet=&#8220;off&#8220; locked=&#8220;off&#8220; collapsed=&#8220;on&#8220; global_colors_info=&#8220;{}&#8220;][et_pb_row column_structure=&#8220;3_4,1_4&#8243; custom_padding_last_edited=&#8220;on|phone&#8220; _builder_version=&#8220;4.25.0&#8243; _module_preset=&#8220;default&#8220; custom_padding_tablet=&#8220;&#8220; custom_padding_phone=&#8220;0px||||false|false&#8220; global_colors_info=&#8220;{}&#8220; width_phone=&#8220;90%&#8220; width_last_edited=&#8220;on|phone&#8220;][et_pb_column type=&#8220;3_4&#8243; _builder_version=&#8220;4.22.0&#8243; _module_preset=&#8220;default&#8220; global_colors_info=&#8220;{}&#8220;][et_pb_text _builder_version=&#8220;4.27.0&#8243; _module_preset=&#8220;2f36554b-3d06-415d-85de-dbfd1aa23e8e&#8220; text_font=&#8220;Montserrat||||||||&#8220; text_font_size=&#8220;17px&#8220; text_line_height=&#8220;1.6em&#8220; header_2_font=&#8220;&#8211;et_global_heading_font|600|||||||&#8220; header_2_text_color=&#8220;#47757F&#8220; header_2_font_size=&#8220;35px&#8220; header_2_line_height=&#8220;1.3em&#8220; header_3_font=&#8220;&#8211;et_global_heading_font|600|||||||&#8220; header_3_text_color=&#8220;#47757F&#8220; header_3_font_size=&#8220;23px&#8220; header_3_line_height=&#8220;1.3em&#8220; text_font_size_tablet=&#8220;16px&#8220; text_font_size_phone=&#8220;15px&#8220; text_font_size_last_edited=&#8220;on|phone&#8220; header_2_font_size_tablet=&#8220;30px&#8220; header_2_font_size_phone=&#8220;23px&#8220; header_2_font_size_last_edited=&#8220;on|phone&#8220; header_3_font_size_tablet=&#8220;23px&#8220; header_3_font_size_phone=&#8220;21px&#8220; header_3_font_size_last_edited=&#8220;on|desktop&#8220; global_colors_info=&#8220;{}&#8220;]<\/p>\n<h2 style=\"padding-bottom: 30px;\">Inhouse-Veranstaltungen<\/h2>\n<p>Veranstaltungen sind alle Seminare und Workshops, \u00fcber die wir vertragliche Vereinbarungen mit Unternehmen treffen, deren Mitarbeiter unter den mit ihrem Unternehmen vereinbarten Bedingungen an unseren Seminaren teilnehmen.<\/p>\n<h2><\/h2>\n<h2><\/h2>\n<h2>Alle Leistungen<\/h2>\n<h3><\/h3>\n<h3><\/h3>\n<h3><\/h3>\n<h3>Copyright<\/h3>\n<p>Alle den Teilnehmern zur Verf\u00fcgung gestellten Unterlagen und Dokumente in Papier- oder digitaler Form unterliegen dem Urheberrecht und sind nur f\u00fcr den pers\u00f6nlichen Gebrauch der Teilnehmer bestimmt. Insbesondere ist es untersagt, diese zu kopieren und an Dritte weiterzugeben.<\/p>\n<h3><\/h3>\n<h3><\/h3>\n<h3><\/h3>\n<h3>Vertraulichkeit und Datenschutz<\/h3>\n<p>Die Jansen Academy und alle ihre Trainer verpflichten sich, alle Informationen, die wir \u00fcber Teilnehmer und deren Firmen erhalten, vertraulich zu behandeln.<\/p>\n<p>Personenbezogene Daten der Teilnehmer werden nur f\u00fcr die vereinbarten Zwecke verarbeitet und verwendet. Au\u00dferdem werden sie dazu genutzt, Sie \u00fcber Neuigkeiten, Veranstaltungstermine und Angebote zu informieren. Wenn Sie dies nicht w\u00fcnschen, k\u00f6nnen Sie uns dies mitteilen, dann unterlassen wir dies sofort. Auf keinen Fall werden Ihre Daten an Dritte weitergegeben.<\/p>\n<h3><\/h3>\n<h3><\/h3>\n<h3><\/h3>\n<h3>Schlussbestimmungen<\/h3>\n<p>F\u00fcr unsere Gesch\u00e4fts- und Rechtsbeziehungen gilt ausschlie\u00dflich das Recht der Bundesrepublik Deutschland. Sollte eine Bestimmung dieser Gesch\u00e4ftsbedingungen oder eine Regelung im Rahmen sonstiger Vereinbarungen unwirksam sein oder werden oder sollte sich eine Vertragsl\u00fccke ergeben, so wird hierdurch die Wirksamkeit aller sonstigen Bestimmungen oder Vereinbarungen nicht ber\u00fchrt. Abweichend ausgehandelte Abmachungen sind nur g\u00fcltig, wenn sie schriftlich vereinbart worden sind.<\/p>\n<p>Den Gerichtsstand f\u00fcr alle nicht g\u00fctlich zu regelnden Auseinandersetzungen ist Feldkirchen-Westerham.<\/p>\n<p>[\/et_pb_text][\/et_pb_column][et_pb_column type=&#8220;1_4&#8243; _builder_version=&#8220;4.25.0&#8243; _module_preset=&#8220;default&#8220; background_enable_color=&#8220;off&#8220; custom_padding=&#8220;40px|40px|40px|40px|false|false&#8220; sticky_position=&#8220;top&#8220; sticky_offset_top=&#8220;50px&#8220; sticky_limit_top=&#8220;section&#8220; sticky_limit_bottom=&#8220;section&#8220; background_last_edited=&#8220;on|tablet&#8220; background_enable_color_tablet=&#8220;off&#8220; border_radii=&#8220;on|20px|20px|20px|20px&#8220; global_colors_info=&#8220;{}&#8220;][\/et_pb_column][\/et_pb_row][\/et_pb_section]<\/p>\n","protected":false},"excerpt":{"rendered":"<p>AGBInhouse-Veranstaltungen Veranstaltungen sind alle Seminare und Workshops, \u00fcber die wir vertragliche Vereinbarungen mit Unternehmen treffen, deren Mitarbeiter unter den mit ihrem Unternehmen vereinbarten Bedingungen an unseren Seminaren teilnehmen. Alle Leistungen Copyright Alle den Teilnehmern zur Verf\u00fcgung gestellten Unterlagen und Dokumente in Papier- oder digitaler Form unterliegen dem Urheberrecht und sind nur f\u00fcr den pers\u00f6nlichen Gebrauch der Teilnehmer bestimmt. Insbesondere ist es untersagt, diese zu kopieren und an Dritte weiterzugeben. Vertraulichkeit und Datenschutz Die Jansen Academy und alle ihre Trainer verpflichten sich, alle Informationen, die wir \u00fcber Teilnehmer und deren Firmen erhalten, vertraulich zu behandeln. Personenbezogene Daten der Teilnehmer werden nur f\u00fcr die vereinbarten Zwecke verarbeitet und verwendet. Au\u00dferdem werden sie dazu genutzt, Sie \u00fcber Neuigkeiten, Veranstaltungstermine und Angebote zu informieren. Wenn Sie dies nicht w\u00fcnschen, k\u00f6nnen Sie uns dies mitteilen, dann unterlassen wir dies sofort. Auf keinen Fall werden Ihre Daten an Dritte weitergegeben. Schlussbestimmungen F\u00fcr unsere Gesch\u00e4fts- und Rechtsbeziehungen gilt ausschlie\u00dflich das Recht der Bundesrepublik Deutschland. Sollte eine Bestimmung dieser Gesch\u00e4ftsbedingungen oder eine Regelung im Rahmen sonstiger Vereinbarungen unwirksam sein oder werden oder sollte sich eine Vertragsl\u00fccke ergeben, so wird hierdurch die Wirksamkeit aller sonstigen Bestimmungen oder Vereinbarungen nicht ber\u00fchrt. Abweichend ausgehandelte Abmachungen sind nur g\u00fcltig, wenn sie schriftlich [&hellip;]<\/p>\n","protected":false},"author":1,"featured_media":0,"parent":0,"menu_order":1,"comment_status":"closed","ping_status":"closed","template":"","meta":{"_et_pb_use_builder":"on","_et_pb_old_content":"","_et_gb_content_width":"","footnotes":""},"class_list":["post-2571","page","type-page","status-publish","hentry"],"yoast_head":"<!-- This site is optimized with the Yoast SEO plugin v23.4 - https:\/\/yoast.com\/wordpress\/plugins\/seo\/ -->\n<title>AGB \/\/ Jansen Academy Trainings im IT-Business<\/title>\n<meta name=\"description\" content=\"Die Jansen Academy und ihre Trainer behandeln Informationen \u00fcber Teilnehmer und Firmen vertraulich. Unterlagen sind urheberrechtlich gesch\u00fctzt.\" \/>\n<meta name=\"robots\" content=\"index, follow, max-snippet:-1, max-image-preview:large, max-video-preview:-1\" \/>\n<link rel=\"canonical\" href=\"https:\/\/jansenacademy.biz\/en\/agb\/\" \/>\n<meta property=\"og:locale\" content=\"en_US\" \/>\n<meta property=\"og:type\" content=\"article\" \/>\n<meta property=\"og:title\" content=\"AGB \/\/ Jansen Academy Trainings im IT-Business\" \/>\n<meta property=\"og:description\" content=\"Die Jansen Academy und ihre Trainer behandeln Informationen \u00fcber Teilnehmer und Firmen vertraulich. Unterlagen sind urheberrechtlich gesch\u00fctzt.\" \/>\n<meta property=\"og:url\" content=\"https:\/\/jansenacademy.biz\/en\/agb\/\" \/>\n<meta property=\"og:site_name\" content=\"JANSEN ACADEMY\" \/>\n<meta property=\"article:modified_time\" content=\"2024-11-28T13:41:19+00:00\" \/>\n<meta name=\"twitter:card\" content=\"summary_large_image\" \/>\n<meta name=\"twitter:label1\" content=\"Est. reading time\" \/>\n\t<meta name=\"twitter:data1\" content=\"2 minutes\" \/>\n<script type=\"application\/ld+json\" class=\"yoast-schema-graph\">{\"@context\":\"https:\/\/schema.org\",\"@graph\":[{\"@type\":\"WebPage\",\"@id\":\"https:\/\/jansenacademy.biz\/agb\/\",\"url\":\"https:\/\/jansenacademy.biz\/agb\/\",\"name\":\"AGB \/\/ Jansen Academy Trainings im IT-Business\",\"isPartOf\":{\"@id\":\"https:\/\/jansenacademy.biz\/#website\"},\"datePublished\":\"2024-05-31T10:12:31+00:00\",\"dateModified\":\"2024-11-28T13:41:19+00:00\",\"description\":\"Die Jansen Academy und ihre Trainer behandeln Informationen \u00fcber Teilnehmer und Firmen vertraulich. Unterlagen sind urheberrechtlich gesch\u00fctzt.\",\"breadcrumb\":{\"@id\":\"https:\/\/jansenacademy.biz\/agb\/#breadcrumb\"},\"inLanguage\":\"en-US\",\"potentialAction\":[{\"@type\":\"ReadAction\",\"target\":[\"https:\/\/jansenacademy.biz\/agb\/\"]}]},{\"@type\":\"BreadcrumbList\",\"@id\":\"https:\/\/jansenacademy.biz\/agb\/#breadcrumb\",\"itemListElement\":[{\"@type\":\"ListItem\",\"position\":1,\"name\":\"Startseite\",\"item\":\"https:\/\/jansenacademy.biz\/\"},{\"@type\":\"ListItem\",\"position\":2,\"name\":\"AGB\"}]},{\"@type\":\"WebSite\",\"@id\":\"https:\/\/jansenacademy.biz\/#website\",\"url\":\"https:\/\/jansenacademy.biz\/\",\"name\":\"JANSEN ACADEMY\",\"description\":\"Wir machen IT-Profis proFITabel!\",\"potentialAction\":[{\"@type\":\"SearchAction\",\"target\":{\"@type\":\"EntryPoint\",\"urlTemplate\":\"https:\/\/jansenacademy.biz\/?s={search_term_string}\"},\"query-input\":{\"@type\":\"PropertyValueSpecification\",\"valueRequired\":true,\"valueName\":\"search_term_string\"}}],\"inLanguage\":\"en-US\"}]}<\/script>\n<!-- \/ Yoast SEO plugin. -->","yoast_head_json":{"title":"AGB \/\/ Jansen Academy Trainings im IT-Business","description":"Die Jansen Academy und ihre Trainer behandeln Informationen \u00fcber Teilnehmer und Firmen vertraulich. Unterlagen sind urheberrechtlich gesch\u00fctzt.","robots":{"index":"index","follow":"follow","max-snippet":"max-snippet:-1","max-image-preview":"max-image-preview:large","max-video-preview":"max-video-preview:-1"},"canonical":"https:\/\/jansenacademy.biz\/en\/agb\/","og_locale":"en_US","og_type":"article","og_title":"AGB \/\/ Jansen Academy Trainings im IT-Business","og_description":"Die Jansen Academy und ihre Trainer behandeln Informationen \u00fcber Teilnehmer und Firmen vertraulich. Unterlagen sind urheberrechtlich gesch\u00fctzt.","og_url":"https:\/\/jansenacademy.biz\/en\/agb\/","og_site_name":"JANSEN ACADEMY","article_modified_time":"2024-11-28T13:41:19+00:00","twitter_card":"summary_large_image","twitter_misc":{"Est. reading time":"2 minutes"},"schema":{"@context":"https:\/\/schema.org","@graph":[{"@type":"WebPage","@id":"https:\/\/jansenacademy.biz\/agb\/","url":"https:\/\/jansenacademy.biz\/agb\/","name":"AGB \/\/ Jansen Academy Trainings im IT-Business","isPartOf":{"@id":"https:\/\/jansenacademy.biz\/#website"},"datePublished":"2024-05-31T10:12:31+00:00","dateModified":"2024-11-28T13:41:19+00:00","description":"Die Jansen Academy und ihre Trainer behandeln Informationen \u00fcber Teilnehmer und Firmen vertraulich. Unterlagen sind urheberrechtlich gesch\u00fctzt.","breadcrumb":{"@id":"https:\/\/jansenacademy.biz\/agb\/#breadcrumb"},"inLanguage":"en-US","potentialAction":[{"@type":"ReadAction","target":["https:\/\/jansenacademy.biz\/agb\/"]}]},{"@type":"BreadcrumbList","@id":"https:\/\/jansenacademy.biz\/agb\/#breadcrumb","itemListElement":[{"@type":"ListItem","position":1,"name":"Startseite","item":"https:\/\/jansenacademy.biz\/"},{"@type":"ListItem","position":2,"name":"AGB"}]},{"@type":"WebSite","@id":"https:\/\/jansenacademy.biz\/#website","url":"https:\/\/jansenacademy.biz\/","name":"JANSEN ACADEMY","description":"We make IT professionals proFITable!","potentialAction":[{"@type":"SearchAction","target":{"@type":"EntryPoint","urlTemplate":"https:\/\/jansenacademy.biz\/?s={search_term_string}"},"query-input":{"@type":"PropertyValueSpecification","valueRequired":true,"valueName":"search_term_string"}}],"inLanguage":"en-US"}]}},"_links":{"self":[{"href":"https:\/\/jansenacademy.biz\/en\/wp-json\/wp\/v2\/pages\/2571"}],"collection":[{"href":"https:\/\/jansenacademy.biz\/en\/wp-json\/wp\/v2\/pages"}],"about":[{"href":"https:\/\/jansenacademy.biz\/en\/wp-json\/wp\/v2\/types\/page"}],"author":[{"embeddable":true,"href":"https:\/\/jansenacademy.biz\/en\/wp-json\/wp\/v2\/users\/1"}],"replies":[{"embeddable":true,"href":"https:\/\/jansenacademy.biz\/en\/wp-json\/wp\/v2\/comments?post=2571"}],"version-history":[{"count":14,"href":"https:\/\/jansenacademy.biz\/en\/wp-json\/wp\/v2\/pages\/2571\/revisions"}],"predecessor-version":[{"id":4729,"href":"https:\/\/jansenacademy.biz\/en\/wp-json\/wp\/v2\/pages\/2571\/revisions\/4729"}],"wp:attachment":[{"href":"https:\/\/jansenacademy.biz\/en\/wp-json\/wp\/v2\/media?parent=2571"}],"curies":[{"name":"wp","href":"https:\/\/api.w.org\/{rel}","templated":true}]}}