{"id":2249,"date":"2024-05-23T08:44:53","date_gmt":"2024-05-23T06:44:53","guid":{"rendered":"https:\/\/kunden.weissblaumedia.de\/jansen\/?page_id=2249"},"modified":"2024-11-28T15:00:19","modified_gmt":"2024-11-28T14:00:19","slug":"impressum","status":"publish","type":"page","link":"https:\/\/jansenacademy.biz\/en\/impressum\/","title":{"rendered":"imprint"},"content":{"rendered":"<p>[et_pb_section fb_built=&#8220;1&#8243; admin_label=&#8220;Header&#8220; _builder_version=&#8220;4.25.0&#8243; _module_preset=&#8220;default&#8220; background_color=&#8220;#FFFFFF&#8220; custom_padding=&#8220;||10px||false|false&#8220; collapsed=&#8220;on&#8220; global_colors_info=&#8220;{}&#8220;][et_pb_row column_structure=&#8220;3_5,2_5&#8243; use_custom_gutter=&#8220;on&#8220; gutter_width=&#8220;1&#8243; make_equal=&#8220;on&#8220; _builder_version=&#8220;4.25.0&#8243; _module_preset=&#8220;default&#8220; positioning=&#8220;none&#8220; z_index=&#8220;3&#8243; global_colors_info=&#8220;{}&#8220; width_phone=&#8220;90%&#8220; width_last_edited=&#8220;on|phone&#8220;][et_pb_column type=&#8220;3_5&#8243; _builder_version=&#8220;4.23.1&#8243; _module_preset=&#8220;default&#8220; background_color=&#8220;gcid-de749df5-82d7-4bad-ba2b-a56855f698d2&#8243; custom_padding=&#8220;40px|40px|50px|40px|false|true&#8220; custom_padding_tablet=&#8220;30px|30px|30px|30px|true|true&#8220; custom_padding_phone=&#8220;20px|20px|20px|20px|true|true&#8220; custom_padding_last_edited=&#8220;on|desktop&#8220; border_radii=&#8220;off|20px|||20px&#8220; border_radii_tablet=&#8220;off|20px|20px||0px&#8220; border_radii_phone=&#8220;off|20px|20px||0px&#8220; border_radii_last_edited=&#8220;on|tablet&#8220; global_colors_info=&#8220;{%22gcid-de749df5-82d7-4bad-ba2b-a56855f698d2%22:%91%22background_color%22%93}&#8220;][et_pb_text _builder_version=&#8220;4.27.0&#8243; _module_preset=&#8220;3b439963-9404-4f40-9f5b-7caa3f194bd4&#8243; header_font=&#8220;Montserrat|600|||||||&#8220; header_text_color=&#8220;#47757f&#8220; custom_margin=&#8220;||10px||false|false&#8220; global_colors_info=&#8220;{}&#8220;]<\/p>\n<h1>Impressum<\/h1>\n<p>[\/et_pb_text][\/et_pb_column][et_pb_column type=&#8220;2_5&#8243; _builder_version=&#8220;4.25.0&#8243; _module_preset=&#8220;default&#8220; background_color=&#8220;#f5a318&#8243; background_enable_image=&#8220;off&#8220; background_last_edited=&#8220;on|phone&#8220; background_position_tablet=&#8220;top_center&#8220; background_position_phone=&#8220;center&#8220; border_radii=&#8220;off||20px|20px|&#8220; border_radii_tablet=&#8220;off||0px|20px|20px&#8220; border_radii_phone=&#8220;off||0px|20px|20px&#8220; border_radii_last_edited=&#8220;on|phone&#8220; global_colors_info=&#8220;{}&#8220;][\/et_pb_column][\/et_pb_row][\/et_pb_section][et_pb_section fb_built=&#8220;1&#8243; custom_padding_last_edited=&#8220;on|tablet&#8220; admin_label=&#8220;About&#8220; _builder_version=&#8220;4.25.0&#8243; _module_preset=&#8220;default&#8220; background_enable_color=&#8220;off&#8220; custom_padding=&#8220;0px||80px||false|false&#8220; custom_padding_tablet=&#8220;||0px||false|false&#8220; custom_padding_phone=&#8220;0px||0px||false|false&#8220; background_color_tablet=&#8220;RGBA(255,255,255,0)&#8220; background_last_edited=&#8220;on|tablet&#8220; background_enable_color_tablet=&#8220;on&#8220; use_background_color_gradient_tablet=&#8220;off&#8220; locked=&#8220;off&#8220; collapsed=&#8220;on&#8220; global_colors_info=&#8220;{}&#8220;][et_pb_row column_structure=&#8220;3_4,1_4&#8243; custom_padding_last_edited=&#8220;on|phone&#8220; _builder_version=&#8220;4.25.0&#8243; _module_preset=&#8220;default&#8220; custom_padding_tablet=&#8220;&#8220; custom_padding_phone=&#8220;0px||||false|false&#8220; global_colors_info=&#8220;{}&#8220; width_phone=&#8220;90%&#8220; width_last_edited=&#8220;on|phone&#8220;][et_pb_column type=&#8220;3_4&#8243; _builder_version=&#8220;4.22.0&#8243; _module_preset=&#8220;default&#8220; global_colors_info=&#8220;{}&#8220;][et_pb_text _builder_version=&#8220;4.27.0&#8243; _module_preset=&#8220;2f36554b-3d06-415d-85de-dbfd1aa23e8e&#8220; text_font=&#8220;Montserrat||||||||&#8220; text_font_size=&#8220;17px&#8220; text_line_height=&#8220;1.6em&#8220; header_2_font=&#8220;&#8211;et_global_heading_font|600|||||||&#8220; header_2_text_color=&#8220;#47757F&#8220; header_2_font_size=&#8220;35px&#8220; header_2_line_height=&#8220;1.3em&#8220; header_3_font=&#8220;&#8211;et_global_heading_font|600|||||||&#8220; header_3_text_color=&#8220;#47757F&#8220; header_3_font_size=&#8220;23px&#8220; header_3_line_height=&#8220;1.3em&#8220; text_font_size_tablet=&#8220;16px&#8220; text_font_size_phone=&#8220;15px&#8220; text_font_size_last_edited=&#8220;on|phone&#8220; header_2_font_size_tablet=&#8220;30px&#8220; header_2_font_size_phone=&#8220;22px&#8220; header_2_font_size_last_edited=&#8220;on|phone&#8220; header_3_font_size_tablet=&#8220;23px&#8220; header_3_font_size_phone=&#8220;21px&#8220; header_3_font_size_last_edited=&#8220;on|phone&#8220; global_colors_info=&#8220;{}&#8220;]<\/p>\n<p><strong>JANSEN ACADEMY<br \/>\u00d6lbergring 40<br \/>83620 Feldkirchen-Westerham<\/strong><br \/>Deutschland<\/p>\n<p>Telefon: +49 &#8211; 8063-20 09 20<br \/>Fax: +49 &#8211; 8063 20 09 21<br \/>Email: training@jansenacademy.biz<\/p>\n<p>Verantwortlich f\u00fcr den Inhalt: Harald Jansen<br \/>Quellenangaben f\u00fcr die verwendeten Bilder und Grafiken: shutterstock.com<\/p>\n<h2>Haftungsausschluss (Disclaimer)<\/h2>\n<h3><\/h3>\n<h3><\/h3>\n<h3><\/h3>\n<h3>Haftung f\u00fcr Inhalte<\/h3>\n<p>Als Diensteanbieter sind wir f\u00fcr eigene Inhalte auf diesen Seiten nach den allgemeinen Gesetzen verantwortlich. Wir sind als Diensteanbieter jedoch nicht verpflichtet, \u00fcbermittelte oder gespeicherte fremde Informationen zu \u00fcberwachen oder nach Umst\u00e4nden zu forschen, die auf eine rechtswidrige T\u00e4tigkeit hinweisen. Verpflichtungen zur Entfernung oder Sperrung der Nutzung von Informationen nach den allgemeinen Gesetzen bleiben hiervon unber\u00fchrt. Eine diesbez\u00fcgliche Haftung ist jedoch erst ab dem Zeitpunkt der Kenntnis einer konkreten Rechtsverletzung m\u00f6glich. Bei Bekanntwerden von entsprechenden Rechtsverletzungen werden wir diese Inhalte umgehend entfernen.<\/p>\n<h3><\/h3>\n<h3><\/h3>\n<h3><\/h3>\n<h3>Haftung f\u00fcr Links<\/h3>\n<p>Unser Angebot enth\u00e4lt Links zu externen Webseiten Dritter, auf deren Inhalte wir keinen Einfluss haben. Deshalb k\u00f6nnen wir f\u00fcr diese fremden Inhalte auch keine Gew\u00e4hr \u00fcbernehmen. F\u00fcr die Inhalte der verlinkten Seiten ist stets der jeweilige Anbieter oder Betreiber der Seiten verantwortlich. Die verlinkten Seiten wurden zum Zeitpunkt der Verlinkung auf m\u00f6gliche Rechtsverst\u00f6\u00dfe \u00fcberpr\u00fcft. Rechtswidrige Inhalte waren zum Zeitpunkt der Verlinkung nicht erkennbar. Eine permanente inhaltliche Kontrolle der verlinkten Seiten ist jedoch ohne konkrete Anhaltspunkte einer Rechtsverletzung nicht zumutbar. Bei Bekanntwerden von Rechtsverletzungen werden wir derartige Links umgehend entfernen.<\/p>\n<h3><\/h3>\n<h3><\/h3>\n<h3><\/h3>\n<h3>Urheberrecht<\/h3>\n<p>Die durch die Seitenbetreiber erstellten Inhalte und Werke auf diesen Seiten unterliegen dem deutschen Urheberrecht. Die Vervielf\u00e4ltigung, Bearbeitung, Verbreitung und jede Art der Verwertung au\u00dferhalb der Grenzen des Urheberrechtes bed\u00fcrfen der schriftlichen Zustimmung des jeweiligen Autors bzw. Erstellers. Downloads und Kopien dieser Seite sind nur f\u00fcr den privaten, nicht kommerziellen Gebrauch gestattet. Soweit die Inhalte auf dieser Seite nicht vom Betreiber erstellt wurden, werden die Urheberrechte Dritter beachtet. Insbesondere werden Inhalte Dritter als solche gekennzeichnet. Sollten Sie trotzdem auf eine Urheberrechtsverletzung aufmerksam werden, bitten wir um einen entsprechenden Hinweis. Bei Bekanntwerden von Rechtsverletzungen werden wir derartige Inhalte umgehend entfernen.<\/p>\n<p>[\/et_pb_text][\/et_pb_column][et_pb_column type=&#8220;1_4&#8243; _builder_version=&#8220;4.25.0&#8243; _module_preset=&#8220;default&#8220; background_enable_color=&#8220;off&#8220; custom_padding=&#8220;40px|40px|40px|40px|false|false&#8220; sticky_position=&#8220;top&#8220; sticky_offset_top=&#8220;50px&#8220; sticky_limit_top=&#8220;section&#8220; sticky_limit_bottom=&#8220;section&#8220; background_last_edited=&#8220;on|tablet&#8220; background_enable_color_tablet=&#8220;off&#8220; border_radii=&#8220;on|20px|20px|20px|20px&#8220; global_colors_info=&#8220;{}&#8220;][\/et_pb_column][\/et_pb_row][\/et_pb_section]<\/p>\n","protected":false},"excerpt":{"rendered":"<p>ImpressumJANSEN ACADEMY\u00d6lbergring 4083620 Feldkirchen-WesterhamDeutschland Telefon: +49 &#8211; 8063-20 09 20Fax: +49 &#8211; 8063 20 09 21Email: training@jansenacademy.biz Verantwortlich f\u00fcr den Inhalt: Harald JansenQuellenangaben f\u00fcr die verwendeten Bilder und Grafiken: shutterstock.com Haftungsausschluss (Disclaimer) Haftung f\u00fcr Inhalte Als Diensteanbieter sind wir f\u00fcr eigene Inhalte auf diesen Seiten nach den allgemeinen Gesetzen verantwortlich. Wir sind als Diensteanbieter jedoch nicht verpflichtet, \u00fcbermittelte oder gespeicherte fremde Informationen zu \u00fcberwachen oder nach Umst\u00e4nden zu forschen, die auf eine rechtswidrige T\u00e4tigkeit hinweisen. Verpflichtungen zur Entfernung oder Sperrung der Nutzung von Informationen nach den allgemeinen Gesetzen bleiben hiervon unber\u00fchrt. Eine diesbez\u00fcgliche Haftung ist jedoch erst ab dem Zeitpunkt der Kenntnis einer konkreten Rechtsverletzung m\u00f6glich. Bei Bekanntwerden von entsprechenden Rechtsverletzungen werden wir diese Inhalte umgehend entfernen. Haftung f\u00fcr Links Unser Angebot enth\u00e4lt Links zu externen Webseiten Dritter, auf deren Inhalte wir keinen Einfluss haben. Deshalb k\u00f6nnen wir f\u00fcr diese fremden Inhalte auch keine Gew\u00e4hr \u00fcbernehmen. F\u00fcr die Inhalte der verlinkten Seiten ist stets der jeweilige Anbieter oder Betreiber der Seiten verantwortlich. Die verlinkten Seiten wurden zum Zeitpunkt der Verlinkung auf m\u00f6gliche Rechtsverst\u00f6\u00dfe \u00fcberpr\u00fcft. Rechtswidrige Inhalte waren zum Zeitpunkt der Verlinkung nicht erkennbar. Eine permanente inhaltliche Kontrolle der verlinkten Seiten ist jedoch ohne konkrete Anhaltspunkte einer Rechtsverletzung nicht zumutbar. Bei [&hellip;]<\/p>\n","protected":false},"author":1,"featured_media":0,"parent":0,"menu_order":12,"comment_status":"closed","ping_status":"closed","template":"","meta":{"_et_pb_use_builder":"on","_et_pb_old_content":"","_et_gb_content_width":"","footnotes":""},"class_list":["post-2249","page","type-page","status-publish","hentry"],"yoast_head":"<!-- This site is optimized with the Yoast SEO plugin v23.4 - https:\/\/yoast.com\/wordpress\/plugins\/seo\/ -->\n<title>Impressum \/\/ Jansen Academy Softskill-Trainings f\u00fcr IT-Profis<\/title>\n<meta name=\"description\" content=\"JANSEN ACADEMY, \u00d6lbergring 40, 83620 Feldkirchen-Westerham, Telefon: +49 \u2013 8063-20 09 20, Email: training@jansenacademy.biz\" \/>\n<meta name=\"robots\" content=\"index, follow, max-snippet:-1, max-image-preview:large, max-video-preview:-1\" \/>\n<link rel=\"canonical\" href=\"https:\/\/jansenacademy.biz\/en\/impressum\/\" \/>\n<meta property=\"og:locale\" content=\"en_US\" \/>\n<meta property=\"og:type\" content=\"article\" \/>\n<meta property=\"og:title\" content=\"Impressum \/\/ Jansen Academy Softskill-Trainings f\u00fcr IT-Profis\" \/>\n<meta property=\"og:description\" content=\"JANSEN ACADEMY, \u00d6lbergring 40, 83620 Feldkirchen-Westerham, Telefon: +49 \u2013 8063-20 09 20, Email: training@jansenacademy.biz\" \/>\n<meta property=\"og:url\" content=\"https:\/\/jansenacademy.biz\/en\/impressum\/\" \/>\n<meta property=\"og:site_name\" content=\"JANSEN ACADEMY\" \/>\n<meta property=\"article:modified_time\" content=\"2024-11-28T14:00:19+00:00\" \/>\n<meta name=\"twitter:card\" content=\"summary_large_image\" \/>\n<meta name=\"twitter:label1\" content=\"Est. reading time\" \/>\n\t<meta name=\"twitter:data1\" content=\"2 minutes\" \/>\n<script type=\"application\/ld+json\" class=\"yoast-schema-graph\">{\"@context\":\"https:\/\/schema.org\",\"@graph\":[{\"@type\":\"WebPage\",\"@id\":\"https:\/\/jansenacademy.biz\/impressum\/\",\"url\":\"https:\/\/jansenacademy.biz\/impressum\/\",\"name\":\"Impressum \/\/ Jansen Academy Softskill-Trainings f\u00fcr IT-Profis\",\"isPartOf\":{\"@id\":\"https:\/\/jansenacademy.biz\/#website\"},\"datePublished\":\"2024-05-23T06:44:53+00:00\",\"dateModified\":\"2024-11-28T14:00:19+00:00\",\"description\":\"JANSEN ACADEMY, \u00d6lbergring 40, 83620 Feldkirchen-Westerham, Telefon: +49 \u2013 8063-20 09 20, Email: training@jansenacademy.biz\",\"breadcrumb\":{\"@id\":\"https:\/\/jansenacademy.biz\/impressum\/#breadcrumb\"},\"inLanguage\":\"en-US\",\"potentialAction\":[{\"@type\":\"ReadAction\",\"target\":[\"https:\/\/jansenacademy.biz\/impressum\/\"]}]},{\"@type\":\"BreadcrumbList\",\"@id\":\"https:\/\/jansenacademy.biz\/impressum\/#breadcrumb\",\"itemListElement\":[{\"@type\":\"ListItem\",\"position\":1,\"name\":\"Startseite\",\"item\":\"https:\/\/jansenacademy.biz\/\"},{\"@type\":\"ListItem\",\"position\":2,\"name\":\"Impressum\"}]},{\"@type\":\"WebSite\",\"@id\":\"https:\/\/jansenacademy.biz\/#website\",\"url\":\"https:\/\/jansenacademy.biz\/\",\"name\":\"JANSEN ACADEMY\",\"description\":\"Wir machen IT-Profis proFITabel!\",\"potentialAction\":[{\"@type\":\"SearchAction\",\"target\":{\"@type\":\"EntryPoint\",\"urlTemplate\":\"https:\/\/jansenacademy.biz\/?s={search_term_string}\"},\"query-input\":{\"@type\":\"PropertyValueSpecification\",\"valueRequired\":true,\"valueName\":\"search_term_string\"}}],\"inLanguage\":\"en-US\"}]}<\/script>\n<!-- \/ Yoast SEO plugin. -->","yoast_head_json":{"title":"Imprint \/\/ Jansen Academy Soft Skills Training for IT Professionals","description":"JANSEN ACADEMY, \u00d6lbergring 40, 83620 Feldkirchen-Westerham, Phone: +49 \u2013 8063-20 09 20, Email: training@jansenacademy.biz","robots":{"index":"index","follow":"follow","max-snippet":"max-snippet:-1","max-image-preview":"max-image-preview:large","max-video-preview":"max-video-preview:-1"},"canonical":"https:\/\/jansenacademy.biz\/en\/impressum\/","og_locale":"en_US","og_type":"article","og_title":"Impressum \/\/ Jansen Academy Softskill-Trainings f\u00fcr IT-Profis","og_description":"JANSEN ACADEMY, \u00d6lbergring 40, 83620 Feldkirchen-Westerham, Telefon: +49 \u2013 8063-20 09 20, Email: training@jansenacademy.biz","og_url":"https:\/\/jansenacademy.biz\/en\/impressum\/","og_site_name":"JANSEN ACADEMY","article_modified_time":"2024-11-28T14:00:19+00:00","twitter_card":"summary_large_image","twitter_misc":{"Est. reading time":"2 minutes"},"schema":{"@context":"https:\/\/schema.org","@graph":[{"@type":"WebPage","@id":"https:\/\/jansenacademy.biz\/impressum\/","url":"https:\/\/jansenacademy.biz\/impressum\/","name":"Imprint \/\/ Jansen Academy Soft Skills Training for IT Professionals","isPartOf":{"@id":"https:\/\/jansenacademy.biz\/#website"},"datePublished":"2024-05-23T06:44:53+00:00","dateModified":"2024-11-28T14:00:19+00:00","description":"JANSEN ACADEMY, \u00d6lbergring 40, 83620 Feldkirchen-Westerham, Phone: +49 \u2013 8063-20 09 20, Email: training@jansenacademy.biz","breadcrumb":{"@id":"https:\/\/jansenacademy.biz\/impressum\/#breadcrumb"},"inLanguage":"en-US","potentialAction":[{"@type":"ReadAction","target":["https:\/\/jansenacademy.biz\/impressum\/"]}]},{"@type":"BreadcrumbList","@id":"https:\/\/jansenacademy.biz\/impressum\/#breadcrumb","itemListElement":[{"@type":"ListItem","position":1,"name":"Startseite","item":"https:\/\/jansenacademy.biz\/"},{"@type":"ListItem","position":2,"name":"Impressum"}]},{"@type":"WebSite","@id":"https:\/\/jansenacademy.biz\/#website","url":"https:\/\/jansenacademy.biz\/","name":"JANSEN ACADEMY","description":"We make IT professionals proFITable!","potentialAction":[{"@type":"SearchAction","target":{"@type":"EntryPoint","urlTemplate":"https:\/\/jansenacademy.biz\/?s={search_term_string}"},"query-input":{"@type":"PropertyValueSpecification","valueRequired":true,"valueName":"search_term_string"}}],"inLanguage":"en-US"}]}},"_links":{"self":[{"href":"https:\/\/jansenacademy.biz\/en\/wp-json\/wp\/v2\/pages\/2249"}],"collection":[{"href":"https:\/\/jansenacademy.biz\/en\/wp-json\/wp\/v2\/pages"}],"about":[{"href":"https:\/\/jansenacademy.biz\/en\/wp-json\/wp\/v2\/types\/page"}],"author":[{"embeddable":true,"href":"https:\/\/jansenacademy.biz\/en\/wp-json\/wp\/v2\/users\/1"}],"replies":[{"embeddable":true,"href":"https:\/\/jansenacademy.biz\/en\/wp-json\/wp\/v2\/comments?post=2249"}],"version-history":[{"count":14,"href":"https:\/\/jansenacademy.biz\/en\/wp-json\/wp\/v2\/pages\/2249\/revisions"}],"predecessor-version":[{"id":4751,"href":"https:\/\/jansenacademy.biz\/en\/wp-json\/wp\/v2\/pages\/2249\/revisions\/4751"}],"wp:attachment":[{"href":"https:\/\/jansenacademy.biz\/en\/wp-json\/wp\/v2\/media?parent=2249"}],"curies":[{"name":"wp","href":"https:\/\/api.w.org\/{rel}","templated":true}]}}